{"id":8003,"date":"2019-02-09T15:51:40","date_gmt":"2019-02-09T15:51:40","guid":{"rendered":"https:\/\/www.tempovip.com\/termos-de-uso\/"},"modified":"2025-03-25T13:51:19","modified_gmt":"2025-03-25T13:51:19","slug":"info-extras","status":"publish","type":"page","link":"https:\/\/www.tempovip.com\/es\/info-extras\/","title":{"rendered":"Info Extras"},"content":{"rendered":"<p><b>CONTACTOS 24\/7<\/b><\/p>\n<p><span style=\"font-weight: 400;\">Durante su estancia en Portugal, Espa\u00f1a y Marruecos, estamos aqu\u00ed para ayudarle. Nuestro equipo dedicado est\u00e1 disponible las 24 horas del d\u00eda, los 7 d\u00edas de la semana para proporcionar cualquier ayuda que pueda necesitar. No dude en ponerse en contacto con nosotros llamando al +351 918328179 o enviando un correo electr\u00f3nico a &#111;&#x70;&#101;&#x72;&#97;&#x63;o&#x65;s&#64;&#x74;&#101;&#x6d;&#112;&#x6f;v&#x69;p&#46;&#x63;&#111;&#x6d;.\u00a0<\/span><\/p>\n<p><b>VIDEOS, IM\u00c1GENES &amp; MAPAS<\/b><\/p>\n<p><span style=\"font-weight: 400;\">Los videos e im\u00e1genes se proporcionan \u00fanicamente con fines de referencia y, aunque representan una aproximaci\u00f3n bastante precisa de la experiencia real, pueden haber diferencias, algunas m\u00e1s significativas que otras, debido a la naturaleza din\u00e1mica de todos los elementos involucrados en la actividad. Estas diferencias pueden incluir estaciones del a\u00f1o, condiciones clim\u00e1ticas y disponibilidad de los elementos mostrados en los videos o im\u00e1genes en el momento de la reserva. Los mapas presentados pueden no reflejar el itinerario exacto.<\/span><\/p>\n<p><b>PROPINAS<\/b><\/p>\n<p><span style=\"font-weight: 400;\">Las propinas para conductores, gu\u00edas o cualquier otro servicio proporcionado durante el itinerario no est\u00e1n incluidas en el precio. Dichas propinas est\u00e1n a discreci\u00f3n del cliente y deben ser proporcionales a la calidad del servicio recibido. Consulte las referencias en el enlace:<\/span><\/p>\n<p><b>Portugal:<\/b><a href=\"https:\/\/tips.tempovip.com\/\"> <span style=\"font-weight: 400;\">https:\/\/tips.tempovip.com\/<\/span><span style=\"font-weight: 400;\"><br \/>\n<\/span><\/a><\/p>\n<p><b>RESTAURANTES<\/b><\/p>\n<p><span style=\"font-weight: 400;\">Para descubrir una variedad de opciones gastron\u00f3micas, consulte la gu\u00eda de restaurantes recomendados en el siguiente enlace. La reserva y los gastos de alimentaci\u00f3n no est\u00e1n incluidos en el itinerario, a menos que se mencionen expresamente.<\/span><\/p>\n<p><b>Portugal:<\/b><a href=\"https:\/\/restaurants.tempovip.com\/pt-pt\/\"> <span style=\"font-weight: 400;\">https:\/\/restaurants.tempovip.com\/<\/span><\/a><\/p>\n","protected":false},"excerpt":{"rendered":"<p>CONTACTOS 24\/7 Durante su estancia en Portugal, Espa\u00f1a y Marruecos, estamos aqu\u00ed para ayudarle. Nuestro equipo dedicado est\u00e1 disponible las 24 horas del d\u00eda, los 7 d\u00edas de la semana para proporcionar cualquier ayuda que pueda necesitar. No dude en ponerse en contacto con nosotros llamando al +351 918328179 o enviando un correo electr\u00f3nico a [&hellip;]<\/p>\n","protected":false},"author":1,"featured_media":0,"parent":0,"menu_order":0,"comment_status":"closed","ping_status":"closed","template":"","meta":{"_acf_changed":false,"footnotes":""},"class_list":["post-8003","page","type-page","status-publish","hentry"],"acf":[],"_links":{"self":[{"href":"https:\/\/www.tempovip.com\/es\/wp-json\/wp\/v2\/pages\/8003"}],"collection":[{"href":"https:\/\/www.tempovip.com\/es\/wp-json\/wp\/v2\/pages"}],"about":[{"href":"https:\/\/www.tempovip.com\/es\/wp-json\/wp\/v2\/types\/page"}],"author":[{"embeddable":true,"href":"https:\/\/www.tempovip.com\/es\/wp-json\/wp\/v2\/users\/1"}],"replies":[{"embeddable":true,"href":"https:\/\/www.tempovip.com\/es\/wp-json\/wp\/v2\/comments?post=8003"}],"version-history":[{"count":4,"href":"https:\/\/www.tempovip.com\/es\/wp-json\/wp\/v2\/pages\/8003\/revisions"}],"predecessor-version":[{"id":34616,"href":"https:\/\/www.tempovip.com\/es\/wp-json\/wp\/v2\/pages\/8003\/revisions\/34616"}],"wp:attachment":[{"href":"https:\/\/www.tempovip.com\/es\/wp-json\/wp\/v2\/media?parent=8003"}],"curies":[{"name":"wp","href":"https:\/\/api.w.org\/{rel}","templated":true}]}}